{"id":23868,"date":"2024-11-18T17:00:31","date_gmt":"2024-11-18T17:00:31","guid":{"rendered":"https:\/\/opcaocontemporanea.pt\/contactos\/"},"modified":"2025-05-16T16:59:17","modified_gmt":"2025-05-16T16:59:17","slug":"contacts","status":"publish","type":"page","link":"https:\/\/opcaocontemporanea.pt\/en\/contacts\/","title":{"rendered":"Contacts"},"content":{"rendered":"\t\t<div data-elementor-type=\"wp-page\" data-elementor-id=\"23868\" class=\"elementor elementor-23868 elementor-22011\">\n\t\t\t\t\t\t<section class=\"elementor-section elementor-top-section elementor-element elementor-element-0a4d5c4 elementor-section-boxed elementor-section-height-default elementor-section-height-default sc_fly_static\" data-id=\"0a4d5c4\" data-element_type=\"section\" data-settings=\"{&quot;background_background&quot;:&quot;classic&quot;}\">\n\t\t\t\t\t\t<div class=\"elementor-container elementor-column-gap-extended\">\n\t\t\t\t\t<div class=\"elementor-column elementor-col-100 elementor-top-column elementor-element elementor-element-8f70c3c sc_content_align_inherit sc_layouts_column_icons_position_left sc_fly_static\" data-id=\"8f70c3c\" data-element_type=\"column\">\n\t\t\t<div class=\"elementor-widget-wrap elementor-element-populated\">\n\t\t\t\t\t\t<div class=\"elementor-element elementor-element-cc84809 sc_height_huge sc_fly_static elementor-widget elementor-widget-spacer\" data-id=\"cc84809\" data-element_type=\"widget\" data-widget_type=\"spacer.default\">\n\t\t\t\t<div class=\"elementor-widget-container\">\n\t\t\t\t\t\t\t<div class=\"elementor-spacer\">\n\t\t\t<div class=\"elementor-spacer-inner\"><\/div>\n\t\t<\/div>\n\t\t\t\t\t\t<\/div>\n\t\t\t\t<\/div>\n\t\t\t\t\t<\/div>\n\t\t<\/div>\n\t\t\t\t\t<\/div>\n\t\t<\/section>\n\t\t\t\t<section class=\"elementor-section elementor-top-section elementor-element elementor-element-b35b84a elementor-section-full_width elementor-section-height-default elementor-section-height-default sc_fly_static\" data-id=\"b35b84a\" data-element_type=\"section\" id=\"mapcolor\" data-settings=\"{&quot;background_background&quot;:&quot;classic&quot;}\">\n\t\t\t\t\t\t<div class=\"elementor-container elementor-column-gap-no\">\n\t\t\t\t\t<div class=\"elementor-column elementor-col-100 elementor-top-column elementor-element elementor-element-d92b45a sc_content_align_inherit sc_layouts_column_icons_position_left sc_fly_static\" data-id=\"d92b45a\" data-element_type=\"column\">\n\t\t\t<div class=\"elementor-widget-wrap elementor-element-populated\">\n\t\t\t\t\t\t<div class=\"elementor-element elementor-element-0a4c225 sc_fly_static elementor-widget elementor-widget-trx_sc_googlemap\" data-id=\"0a4c225\" data-element_type=\"widget\" data-widget_type=\"trx_sc_googlemap.default\">\n\t\t\t\t<div class=\"elementor-widget-container\">\n\t\t\t\t\t<div id=\"sc_googlemap_971068813_wrap\" class=\"sc_googlemap_wrap\"><div id=\"sc_googlemap_971068813\"\t\t\tclass=\"sc_item_content sc_map sc_googlemap sc_googlemap_default trx_addons_inline_142781378\"\n\t\t\t \t\t\tdata-zoom=\"12\"\n\t\t\tdata-center=\"\"\n\t\t\tdata-style=\"default\"\n\t\t\tdata-map-id=\"\"\n\t\t\tdata-cluster-icon=\"\"\n\t\t\t><iframe\n\t\t\t\t\t\tsrc=\"https:\/\/maps.google.com\/maps?t=m&output=embed&iwloc=near&z=12&q=41.11601444496214%2C+-8.575799291378939\"\n\t\t\t\t\t\taria-label=\"\"><\/iframe><\/div><\/div>\t\t\t\t<\/div>\n\t\t\t\t<\/div>\n\t\t\t\t\t<\/div>\n\t\t<\/div>\n\t\t\t\t\t<\/div>\n\t\t<\/section>\n\t\t\t\t<section class=\"elementor-section elementor-top-section elementor-element elementor-element-a142765 elementor-section-boxed elementor-section-height-default elementor-section-height-default sc_fly_static\" data-id=\"a142765\" data-element_type=\"section\">\n\t\t\t\t\t\t<div class=\"elementor-container elementor-column-gap-extended\">\n\t\t\t\t\t<div class=\"elementor-column elementor-col-100 elementor-top-column elementor-element elementor-element-ae8e1ae sc_content_align_inherit sc_layouts_column_icons_position_left sc_fly_static\" data-id=\"ae8e1ae\" data-element_type=\"column\">\n\t\t\t<div class=\"elementor-widget-wrap elementor-element-populated\">\n\t\t\t\t\t\t<div class=\"elementor-element elementor-element-3d5c80a sc_height_huge sc_fly_static elementor-widget elementor-widget-spacer\" data-id=\"3d5c80a\" data-element_type=\"widget\" data-widget_type=\"spacer.default\">\n\t\t\t\t<div class=\"elementor-widget-container\">\n\t\t\t\t\t\t\t<div class=\"elementor-spacer\">\n\t\t\t<div class=\"elementor-spacer-inner\"><\/div>\n\t\t<\/div>\n\t\t\t\t\t\t<\/div>\n\t\t\t\t<\/div>\n\t\t\t\t\t<\/div>\n\t\t<\/div>\n\t\t\t\t\t<\/div>\n\t\t<\/section>\n\t\t\t\t<section class=\"elementor-section elementor-top-section elementor-element elementor-element-afd2dc0 elementor-section-boxed elementor-section-height-default elementor-section-height-default sc_fly_static\" data-id=\"afd2dc0\" data-element_type=\"section\">\n\t\t\t\t\t\t<div class=\"elementor-container elementor-column-gap-extended\">\n\t\t\t\t\t<div class=\"elementor-column elementor-col-50 elementor-top-column elementor-element elementor-element-d55cf00 sc_content_align_inherit sc_layouts_column_icons_position_left sc_fly_static\" data-id=\"d55cf00\" data-element_type=\"column\">\n\t\t\t<div class=\"elementor-widget-wrap elementor-element-populated\">\n\t\t\t\t\t\t<div class=\"elementor-element elementor-element-ba1d1c7 sc_fly_static elementor-widget elementor-widget-trx_sc_title\" data-id=\"ba1d1c7\" data-element_type=\"widget\" data-widget_type=\"trx_sc_title.default\">\n\t\t\t\t<div class=\"elementor-widget-container\">\n\t\t\t\t\t<div\t\tclass=\"sc_title sc_title_default\" ><span class=\"sc_item_subtitle sc_title_subtitle sc_item_subtitle_above sc_item_title_style_default\">Get in touch with us<\/span><h2 class=\"sc_item_title sc_title_title sc_item_title_style_default sc_item_title_tag\"\n\t\t\t><span class=\"sc_item_title_text\">We like to\ntalk to you!<\/span><\/h2><div class=\"sc_item_descr sc_title_descr\"><p>If you have any questions about your next project, don't hesitate to contact us! Please use the attached contact form or contact us directly, we will be happy to help you!<\/p>\n<\/div><\/div>\t\t\t\t<\/div>\n\t\t\t\t<\/div>\n\t\t\t\t<div class=\"elementor-element elementor-element-1b8b4e4b sc_fly_static elementor-widget elementor-widget-spacer\" data-id=\"1b8b4e4b\" data-element_type=\"widget\" data-widget_type=\"spacer.default\">\n\t\t\t\t<div class=\"elementor-widget-container\">\n\t\t\t\t\t\t\t<div class=\"elementor-spacer\">\n\t\t\t<div class=\"elementor-spacer-inner\"><\/div>\n\t\t<\/div>\n\t\t\t\t\t\t<\/div>\n\t\t\t\t<\/div>\n\t\t\t\t<div class=\"elementor-element elementor-element-4e6f65fe sc_fly_static elementor-widget elementor-widget-trx_sc_icons\" data-id=\"4e6f65fe\" data-element_type=\"widget\" data-widget_type=\"trx_sc_icons.default\">\n\t\t\t\t<div class=\"elementor-widget-container\">\n\t\t\t\t\t<div \tclass=\"sc_icons sc_icons_simple sc_icons_size_small sc_align_none\" ><div class=\"sc_icons_item sc_icons_item_linked\"><div class=\"sc_icons_icon sc_icon_type_ icon-marker\" style=\"color: #000000\" ><span class=\"sc_icon_type_ icon-marker\" style=\"color: #000000\"><\/span><\/div><div class=\"sc_icons_item_details\"><div class=\"sc_icons_item_description\"><span>Rua do Freixieiro 463, Oliveira do Douro<\/span><span>4430-419 Vila Nova de Gaia<\/span><span>Portugal<\/span><\/div><a href=\"https:\/\/maps.app.goo.gl\/2SXGLdVypR53rurG9\"\r\n                        class=\"sc_icons_item_link\">\r\n                        <\/a><\/div><\/div><div class=\"sc_icons_item sc_icons_item_linked\"><div class=\"sc_icons_icon sc_icon_type_ icon-iphone\" style=\"color: #000000\" ><span class=\"sc_icon_type_ icon-iphone\" style=\"color: #000000\"><\/span><\/div><div class=\"sc_icons_item_details\"><h4 class=\"sc_icons_item_title\"><a href=\"tel:+351917501314\">\r\n                                    +351 917 501 314                                    <\/a><\/h4><div class=\"sc_icons_item_description\"><span>(call to the national mobile network)<\/span><\/div><a href=\"tel:+351917501314\"\r\n                        class=\"sc_icons_item_link\">\r\n                        <\/a><\/div><\/div><div class=\"sc_icons_item sc_icons_item_linked\"><div class=\"sc_icons_icon sc_icon_type_ icon-iphone\" style=\"color: #000000\" ><span class=\"sc_icon_type_ icon-iphone\" style=\"color: #000000\"><\/span><\/div><div class=\"sc_icons_item_details\"><h4 class=\"sc_icons_item_title\"><a href=\"tel:+351919485388\">\r\n                                    +351 919 485 388                                    <\/a><\/h4><div class=\"sc_icons_item_description\"><span>(call to the national mobile network)<\/span><\/div><a href=\"tel:+351919485388\"\r\n                        class=\"sc_icons_item_link\">\r\n                        <\/a><\/div><\/div><div class=\"sc_icons_item\"><div class=\"sc_icons_icon sc_icon_type_ icon-envelope-2\" style=\"color: #000000\" ><span class=\"sc_icon_type_ icon-envelope-2\" style=\"color: #000000\"><\/span><\/div><div class=\"sc_icons_item_details\"><div class=\"sc_icons_item_description\"><span><a href=\"mailto:info@opcaocontemporanea.pt\">info@opcaocontemporanea.pt<\/a><\/span><\/div><\/div><\/div><\/div><!-- \/.sc_icons -->\t\t\t\t<\/div>\n\t\t\t\t<\/div>\n\t\t\t\t\t<\/div>\n\t\t<\/div>\n\t\t\t\t<div class=\"elementor-column elementor-col-50 elementor-top-column elementor-element elementor-element-29be3b4 sc_content_align_inherit sc_layouts_column_icons_position_left sc_fly_static\" data-id=\"29be3b4\" data-element_type=\"column\">\n\t\t\t<div class=\"elementor-widget-wrap elementor-element-populated\">\n\t\t\t\t\t\t<div class=\"elementor-element elementor-element-4bed73c sc_fly_static elementor-widget elementor-widget-spacer\" data-id=\"4bed73c\" data-element_type=\"widget\" data-widget_type=\"spacer.default\">\n\t\t\t\t<div class=\"elementor-widget-container\">\n\t\t\t\t\t\t\t<div class=\"elementor-spacer\">\n\t\t\t<div class=\"elementor-spacer-inner\"><\/div>\n\t\t<\/div>\n\t\t\t\t\t\t<\/div>\n\t\t\t\t<\/div>\n\t\t\t\t<div class=\"elementor-element elementor-element-74ec2600 sc_fly_static elementor-widget elementor-widget-trx_sc_contact_form_7\" data-id=\"74ec2600\" data-element_type=\"widget\" data-widget_type=\"trx_sc_contact_form_7.default\">\n\t\t\t\t<div class=\"elementor-widget-container\">\n\t\t\t\t\t\n<div class=\"wpcf7 no-js\" id=\"wpcf7-f23967-o1\" lang=\"en-US\" dir=\"ltr\" data-wpcf7-id=\"23967\">\n<div class=\"screen-reader-response\"><p role=\"status\" aria-live=\"polite\" aria-atomic=\"true\"><\/p> <ul><\/ul><\/div>\n<form action=\"\/en\/wp-json\/wp\/v2\/pages\/23868#wpcf7-f23967-o1\" method=\"post\" class=\"wpcf7-form init\" aria-label=\"Contact form\" novalidate=\"novalidate\" data-status=\"init\">\n<fieldset class=\"hidden-fields-container\"><input type=\"hidden\" name=\"_wpcf7\" value=\"23967\" \/><input type=\"hidden\" name=\"_wpcf7_version\" value=\"6.1.2\" \/><input type=\"hidden\" name=\"_wpcf7_locale\" value=\"en_US\" \/><input type=\"hidden\" name=\"_wpcf7_unit_tag\" value=\"wpcf7-f23967-o1\" \/><input type=\"hidden\" name=\"_wpcf7_container_post\" value=\"0\" \/><input type=\"hidden\" name=\"_wpcf7_posted_data_hash\" value=\"\" \/><input type=\"hidden\" name=\"_wpcf7_recaptcha_response\" value=\"\" \/>\n<\/fieldset>\n<div class=\"form-style-3\">\n\t<div class=\"columns_wrap\">\n\t\t<div class=\"column-1_2\">\n\t\t\t<p><span class=\"style-line\"><span class=\"wpcf7-form-control-wrap\" data-name=\"your-name\"><input size=\"40\" maxlength=\"400\" class=\"wpcf7-form-control wpcf7-text wpcf7-validates-as-required\" aria-required=\"true\" aria-invalid=\"false\" placeholder=\"Name\" value=\"\" type=\"text\" name=\"your-name\" \/><\/span><\/span>\n\t\t\t<\/p>\n\t\t<\/div>\n\t\t<div class=\"column-1_2\">\n\t\t\t<p><span class=\"style-line\"><span class=\"wpcf7-form-control-wrap\" data-name=\"your-email\"><input size=\"40\" maxlength=\"400\" class=\"wpcf7-form-control wpcf7-email wpcf7-validates-as-required wpcf7-text wpcf7-validates-as-email\" aria-required=\"true\" aria-invalid=\"false\" placeholder=\"Email\" value=\"\" type=\"email\" name=\"your-email\" \/><\/span><\/span>\n\t\t\t<\/p>\n\t\t<\/div>\n\t<\/div>\n\t<div class=\"columns_wrap\">\n\t\t<div class=\"column-1_2\">\n\t\t\t<p><span class=\"style-line\"><span class=\"wpcf7-form-control-wrap\" data-name=\"phone\"><input size=\"40\" maxlength=\"400\" class=\"wpcf7-form-control wpcf7-tel wpcf7-text wpcf7-validates-as-tel\" aria-invalid=\"false\" placeholder=\"Phone\" value=\"\" type=\"tel\" name=\"phone\" \/><\/span><\/span>\n\t\t\t<\/p>\n\t\t<\/div>\n\t\t<div class=\"column-1_2\">\n\t\t\t<p><span class=\"style-line\"><span class=\"wpcf7-form-control-wrap\" data-name=\"subject\"><input size=\"40\" maxlength=\"400\" class=\"wpcf7-form-control wpcf7-text wpcf7-validates-as-required\" aria-required=\"true\" aria-invalid=\"false\" placeholder=\"Subject\" value=\"\" type=\"text\" name=\"subject\" \/><\/span><\/span>\n\t\t\t<\/p>\n\t\t<\/div>\n\t<\/div>\n\t<div class=\"columns_wrap margin-bottom\">\n\t\t<div class=\"column-1_1\">\n\t\t\t<p><span class=\"style-line\"><span class=\"wpcf7-form-control-wrap\" data-name=\"your-message\"><textarea cols=\"40\" rows=\"10\" maxlength=\"2000\" class=\"wpcf7-form-control wpcf7-textarea wpcf7-validates-as-required\" aria-required=\"true\" aria-invalid=\"false\" placeholder=\"How can we help you? Write your message!\" name=\"your-message\"><\/textarea><\/span><\/span>\n\t\t\t<\/p>\n\t\t<\/div>\n\t<\/div>\n\t<p><input class=\"wpcf7-form-control wpcf7-submit has-spinner\" type=\"submit\" value=\"Send\" \/>\n\t<\/p>\n\t<div class=\"columns_wrap\">\n\t\t<p style=\"font-size: 12px; line-height: 20px;  padding-top: 20px; padding-bottom: 20px;\">This site is protected by reCAPTCHA and the <a href=\"https:\/\/policies.google.com\/privacy\">Privacy Policy<\/a> e <a href=\"https:\/\/policies.google.com\/terms\">Terms of Service<\/a> from Google.\n\t\t<\/p>\n\t<\/div>\n\t<p><span class=\"wpcf7-form-control-wrap\" data-name=\"acceptance\"><span class=\"wpcf7-form-control wpcf7-acceptance\"><span class=\"wpcf7-list-item\"><label><input type=\"checkbox\" name=\"acceptance\" value=\"1\" aria-invalid=\"false\" \/><span class=\"wpcf7-list-item-label\">By using this Contact Form, you agree to the storage and processing of your data by this website. See our <a href=\"\/politica-privacidade-cookies\/\">Privacy Policy<\/a>.<\/span><\/label><\/span><\/span><\/span>\n\t<\/p>\n<\/div><p style=\"display: none !important;\" class=\"akismet-fields-container\" data-prefix=\"_wpcf7_ak_\"><label>&#916;<textarea name=\"_wpcf7_ak_hp_textarea\" cols=\"45\" rows=\"8\" maxlength=\"100\"><\/textarea><\/label><input type=\"hidden\" id=\"ak_js_1\" name=\"_wpcf7_ak_js\" value=\"250\"\/><script>document.getElementById( \"ak_js_1\" ).setAttribute( \"value\", ( new Date() ).getTime() );<\/script><\/p><div class=\"wpcf7-response-output\" aria-hidden=\"true\"><\/div>\n<\/form>\n<\/div>\n\t\t\t\t<\/div>\n\t\t\t\t<\/div>\n\t\t\t\t\t<\/div>\n\t\t<\/div>\n\t\t\t\t\t<\/div>\n\t\t<\/section>\n\t\t\t\t<section class=\"elementor-section elementor-top-section elementor-element elementor-element-659aecd elementor-section-boxed elementor-section-height-default elementor-section-height-default sc_fly_static\" data-id=\"659aecd\" data-element_type=\"section\">\n\t\t\t\t\t\t<div class=\"elementor-container elementor-column-gap-extended\">\n\t\t\t\t\t<div class=\"elementor-column elementor-col-100 elementor-top-column elementor-element elementor-element-af5201f sc_content_align_inherit sc_layouts_column_icons_position_left sc_fly_static\" data-id=\"af5201f\" data-element_type=\"column\">\n\t\t\t<div class=\"elementor-widget-wrap elementor-element-populated\">\n\t\t\t\t\t\t<div class=\"elementor-element elementor-element-38b0db7 sc_height_huge sc_fly_static elementor-widget elementor-widget-spacer\" data-id=\"38b0db7\" data-element_type=\"widget\" data-widget_type=\"spacer.default\">\n\t\t\t\t<div class=\"elementor-widget-container\">\n\t\t\t\t\t\t\t<div class=\"elementor-spacer\">\n\t\t\t<div class=\"elementor-spacer-inner\"><\/div>\n\t\t<\/div>\n\t\t\t\t\t\t<\/div>\n\t\t\t\t<\/div>\n\t\t\t\t\t<\/div>\n\t\t<\/div>\n\t\t\t\t\t<\/div>\n\t\t<\/section>\n\t\t\t\t<\/div>\n\t\t","protected":false},"excerpt":{"rendered":"<p>Get in touch with us We like to talk to you! If you have any questions about your next project, don&#8217;t hesitate to contact us! Please use the attached contact&hellip;<\/p>\n","protected":false},"author":1,"featured_media":0,"parent":0,"menu_order":0,"comment_status":"closed","ping_status":"closed","template":"","meta":{"footnotes":""},"class_list":["post-23868","page","type-page","status-publish","hentry"],"yoast_head":"<!-- This site is optimized with the Yoast SEO plugin v26.0 - https:\/\/yoast.com\/wordpress\/plugins\/seo\/ -->\n<title>Contacts - Op\u00e7\u00e3o Contempor\u00e2nea<\/title>\n<meta name=\"robots\" content=\"index, follow, max-snippet:-1, max-image-preview:large, max-video-preview:-1\" \/>\n<link rel=\"canonical\" href=\"https:\/\/opcaocontemporanea.pt\/en\/contacts\/\" \/>\n<meta property=\"og:locale\" content=\"en_US\" \/>\n<meta property=\"og:type\" content=\"article\" \/>\n<meta property=\"og:title\" content=\"Contacts - Op\u00e7\u00e3o Contempor\u00e2nea\" \/>\n<meta property=\"og:description\" content=\"Get in touch with us We like to talk to you! If you have any questions about your next project, don&#8217;t hesitate to contact us! Please use the attached contact&hellip;\" \/>\n<meta property=\"og:url\" content=\"https:\/\/opcaocontemporanea.pt\/en\/contacts\/\" \/>\n<meta property=\"og:site_name\" content=\"Op\u00e7\u00e3o Contempor\u00e2nea\" \/>\n<meta property=\"article:modified_time\" content=\"2025-05-16T16:59:17+00:00\" \/>\n<meta name=\"twitter:card\" content=\"summary_large_image\" \/>\n<meta name=\"twitter:label1\" content=\"Est. reading time\" \/>\n\t<meta name=\"twitter:data1\" content=\"1 minute\" \/>\n<script type=\"application\/ld+json\" class=\"yoast-schema-graph\">{\"@context\":\"https:\/\/schema.org\",\"@graph\":[{\"@type\":\"WebPage\",\"@id\":\"https:\/\/opcaocontemporanea.pt\/en\/contacts\/\",\"url\":\"https:\/\/opcaocontemporanea.pt\/en\/contacts\/\",\"name\":\"Contacts - Op\u00e7\u00e3o Contempor\u00e2nea\",\"isPartOf\":{\"@id\":\"https:\/\/opcaocontemporanea.pt\/#website\"},\"datePublished\":\"2024-11-18T17:00:31+00:00\",\"dateModified\":\"2025-05-16T16:59:17+00:00\",\"breadcrumb\":{\"@id\":\"https:\/\/opcaocontemporanea.pt\/en\/contacts\/#breadcrumb\"},\"inLanguage\":\"en-US\",\"potentialAction\":[{\"@type\":\"ReadAction\",\"target\":[\"https:\/\/opcaocontemporanea.pt\/en\/contacts\/\"]}]},{\"@type\":\"BreadcrumbList\",\"@id\":\"https:\/\/opcaocontemporanea.pt\/en\/contacts\/#breadcrumb\",\"itemListElement\":[{\"@type\":\"ListItem\",\"position\":1,\"name\":\"In\u00edcio\",\"item\":\"https:\/\/opcaocontemporanea.pt\/en\/\"},{\"@type\":\"ListItem\",\"position\":2,\"name\":\"Contacts\"}]},{\"@type\":\"WebSite\",\"@id\":\"https:\/\/opcaocontemporanea.pt\/#website\",\"url\":\"https:\/\/opcaocontemporanea.pt\/\",\"name\":\"Op\u00e7\u00e3o Contempor\u00e2nea - Arquitetura e Engenharia\",\"description\":\"Arquitetura e Engenharia\",\"publisher\":{\"@id\":\"https:\/\/opcaocontemporanea.pt\/#organization\"},\"alternateName\":\"Op\u00e7\u00e3o Contempor\u00e2nea - Arquitetura e Engenharia\",\"potentialAction\":[{\"@type\":\"SearchAction\",\"target\":{\"@type\":\"EntryPoint\",\"urlTemplate\":\"https:\/\/opcaocontemporanea.pt\/?s={search_term_string}\"},\"query-input\":{\"@type\":\"PropertyValueSpecification\",\"valueRequired\":true,\"valueName\":\"search_term_string\"}}],\"inLanguage\":\"en-US\"},{\"@type\":\"Organization\",\"@id\":\"https:\/\/opcaocontemporanea.pt\/#organization\",\"name\":\"Op\u00e7\u00e3o Contempor\u00e2nea Arquitetura e Engenharia\",\"alternateName\":\"Op\u00e7\u00e3o Contempor\u00e2nea\",\"url\":\"https:\/\/opcaocontemporanea.pt\/\",\"logo\":{\"@type\":\"ImageObject\",\"inLanguage\":\"en-US\",\"@id\":\"https:\/\/opcaocontemporanea.pt\/#\/schema\/logo\/image\/\",\"url\":\"https:\/\/opcaocontemporanea.pt\/wp-content\/uploads\/2024\/10\/Logotipo-OC_horizontal_positivo.png\",\"contentUrl\":\"https:\/\/opcaocontemporanea.pt\/wp-content\/uploads\/2024\/10\/Logotipo-OC_horizontal_positivo.png\",\"width\":2422,\"height\":650,\"caption\":\"Op\u00e7\u00e3o Contempor\u00e2nea Arquitetura e Engenharia\"},\"image\":{\"@id\":\"https:\/\/opcaocontemporanea.pt\/#\/schema\/logo\/image\/\"}}]}<\/script>\n<!-- \/ Yoast SEO plugin. -->","yoast_head_json":{"title":"Contacts - Op\u00e7\u00e3o Contempor\u00e2nea","robots":{"index":"index","follow":"follow","max-snippet":"max-snippet:-1","max-image-preview":"max-image-preview:large","max-video-preview":"max-video-preview:-1"},"canonical":"https:\/\/opcaocontemporanea.pt\/en\/contacts\/","og_locale":"en_US","og_type":"article","og_title":"Contacts - Op\u00e7\u00e3o Contempor\u00e2nea","og_description":"Get in touch with us We like to talk to you! If you have any questions about your next project, don&#8217;t hesitate to contact us! Please use the attached contact&hellip;","og_url":"https:\/\/opcaocontemporanea.pt\/en\/contacts\/","og_site_name":"Op\u00e7\u00e3o Contempor\u00e2nea","article_modified_time":"2025-05-16T16:59:17+00:00","twitter_card":"summary_large_image","twitter_misc":{"Est. reading time":"1 minute"},"schema":{"@context":"https:\/\/schema.org","@graph":[{"@type":"WebPage","@id":"https:\/\/opcaocontemporanea.pt\/en\/contacts\/","url":"https:\/\/opcaocontemporanea.pt\/en\/contacts\/","name":"Contacts - Op\u00e7\u00e3o Contempor\u00e2nea","isPartOf":{"@id":"https:\/\/opcaocontemporanea.pt\/#website"},"datePublished":"2024-11-18T17:00:31+00:00","dateModified":"2025-05-16T16:59:17+00:00","breadcrumb":{"@id":"https:\/\/opcaocontemporanea.pt\/en\/contacts\/#breadcrumb"},"inLanguage":"en-US","potentialAction":[{"@type":"ReadAction","target":["https:\/\/opcaocontemporanea.pt\/en\/contacts\/"]}]},{"@type":"BreadcrumbList","@id":"https:\/\/opcaocontemporanea.pt\/en\/contacts\/#breadcrumb","itemListElement":[{"@type":"ListItem","position":1,"name":"In\u00edcio","item":"https:\/\/opcaocontemporanea.pt\/en\/"},{"@type":"ListItem","position":2,"name":"Contacts"}]},{"@type":"WebSite","@id":"https:\/\/opcaocontemporanea.pt\/#website","url":"https:\/\/opcaocontemporanea.pt\/","name":"Op\u00e7\u00e3o Contempor\u00e2nea - Arquitetura e Engenharia","description":"Arquitetura e Engenharia","publisher":{"@id":"https:\/\/opcaocontemporanea.pt\/#organization"},"alternateName":"Op\u00e7\u00e3o Contempor\u00e2nea - Arquitetura e Engenharia","potentialAction":[{"@type":"SearchAction","target":{"@type":"EntryPoint","urlTemplate":"https:\/\/opcaocontemporanea.pt\/?s={search_term_string}"},"query-input":{"@type":"PropertyValueSpecification","valueRequired":true,"valueName":"search_term_string"}}],"inLanguage":"en-US"},{"@type":"Organization","@id":"https:\/\/opcaocontemporanea.pt\/#organization","name":"Op\u00e7\u00e3o Contempor\u00e2nea Arquitetura e Engenharia","alternateName":"Op\u00e7\u00e3o Contempor\u00e2nea","url":"https:\/\/opcaocontemporanea.pt\/","logo":{"@type":"ImageObject","inLanguage":"en-US","@id":"https:\/\/opcaocontemporanea.pt\/#\/schema\/logo\/image\/","url":"https:\/\/opcaocontemporanea.pt\/wp-content\/uploads\/2024\/10\/Logotipo-OC_horizontal_positivo.png","contentUrl":"https:\/\/opcaocontemporanea.pt\/wp-content\/uploads\/2024\/10\/Logotipo-OC_horizontal_positivo.png","width":2422,"height":650,"caption":"Op\u00e7\u00e3o Contempor\u00e2nea Arquitetura e Engenharia"},"image":{"@id":"https:\/\/opcaocontemporanea.pt\/#\/schema\/logo\/image\/"}}]}},"_links":{"self":[{"href":"https:\/\/opcaocontemporanea.pt\/en\/wp-json\/wp\/v2\/pages\/23868","targetHints":{"allow":["GET"]}}],"collection":[{"href":"https:\/\/opcaocontemporanea.pt\/en\/wp-json\/wp\/v2\/pages"}],"about":[{"href":"https:\/\/opcaocontemporanea.pt\/en\/wp-json\/wp\/v2\/types\/page"}],"author":[{"embeddable":true,"href":"https:\/\/opcaocontemporanea.pt\/en\/wp-json\/wp\/v2\/users\/1"}],"replies":[{"embeddable":true,"href":"https:\/\/opcaocontemporanea.pt\/en\/wp-json\/wp\/v2\/comments?post=23868"}],"version-history":[{"count":7,"href":"https:\/\/opcaocontemporanea.pt\/en\/wp-json\/wp\/v2\/pages\/23868\/revisions"}],"predecessor-version":[{"id":23971,"href":"https:\/\/opcaocontemporanea.pt\/en\/wp-json\/wp\/v2\/pages\/23868\/revisions\/23971"}],"wp:attachment":[{"href":"https:\/\/opcaocontemporanea.pt\/en\/wp-json\/wp\/v2\/media?parent=23868"}],"curies":[{"name":"wp","href":"https:\/\/api.w.org\/{rel}","templated":true}]}}